{"id":573,"date":"2016-02-07T12:31:51","date_gmt":"2016-02-07T12:31:51","guid":{"rendered":"http:\/\/www.turnitaround.at\/posavac\/?page_id=573"},"modified":"2016-04-06T12:39:00","modified_gmt":"2016-04-06T10:39:00","slug":"coredynamik-training","status":"publish","type":"page","link":"https:\/\/www.turnitaround.at\/en\/coredynamik-training\/","title":{"rendered":"CoreDynamik Training"},"content":{"rendered":"<h1>COREDYNAMIK AUSBILDUNG<\/h1>\n<p>Menschen die sich selbst kennen lernen und in den H\u00f6hen und Tiefen des Alltags die Ankerpunkte und Inspirationsblitze entdecken wollen, Personen, die in der Gesellschaft, im Job, in der Familie ein authentisches Gegen\u00fcber sein und sinnerf\u00fcllt am Wohle des Ganzen mitwirken wollen oder Menschen, die das Leben als eine Reise begreifen und das Wesentliche in sich tragen wollen, k\u00f6nnte die mehrj\u00e4hrige CoreDynamik Ausbildung zum Coach und Trainer gut gefallen.<\/p>\n<p>Auch wenn Sie nicht vorhaben je als Therapeut zu arbeiten, die CoreDynamik Ausbildung gibt Ihnen nicht nur die Tools in die Hand sich selbst weiter zu entwickeln, sondern auch anderen dabei zur Seite zu stehen. Die CoreDynamik Ausbildung ist f\u00fcr Sie das richtige, wenn Ihnen innere Stabilit\u00e4t ebenso wichtig ist, wie Ihre Handlungskompetenz, im Kern stabil (Core) und im Handeln flexibel (Dynamik). Das geht \u00fcber die F\u00e4higkeiten hinaus, als Coach die richtigen Fragen zu stellen, als Trainer einen Gruppenprozess zu leiten und als Therapeut mitf\u00fchlend pr\u00e4sent zu sein. Die CoreDynamik Ausbildung ist tats\u00e4chlich ein kreatives Labor f\u00fcr alle Sinne wo Ihre Potenziale die Zeit zu reifen bekommen.<\/p>\n<h3>Pers\u00f6nlichkeitsentwicklung als Ziel<\/h3>\n<p>Im Zentrum der Ausbildung findet sich die Selbstf\u00fchrung als Basis. Dies bedeutet, das eigene Leben einf\u00fchlsam, kraftvoll und sinnerf\u00fcllt gestalten. Gleichzeitig lernen Sie mit Menschen zu kommunizieren und zu arbeiten. Zuletzt ist das Ziel, jedem die M\u00f6glichkeiten zu geben seine Lebenskompetenz zu entfalten. Dies bedeutet, Bewusstsein f\u00fcr die gro\u00dfen B\u00f6gen des Lebens, f\u00fcr Grenzsituationen und Schwellen entwickeln und sicher hindurch gehen k\u00f6nnen.<\/p>\n<p>Weiterf\u00fchrende Informationen zur Ausbildung finden Sie <a href=\"http:\/\/www.coredynamik.de\/index.php\/home-ausbildung\" target=\"_blank\">Hier<\/a>. Informationsmaterial k\u00f6nnen Sie direkt beim <a href=\"http:\/\/www.coredynamik.de\/index.php\/infopost-bestellen\" target=\"_blank\">CoreDynamik Institut<\/a> anfordern.<\/p>\n","protected":false},"excerpt":{"rendered":"<p>COREDYNAMIK AUSBILDUNG Menschen die sich selbst kennen lernen und in den H\u00f6hen und Tiefen des Alltags die Ankerpunkte und Inspirationsblitze entdecken wollen, Personen, die in der Gesellschaft, im Job, in der Familie ein authentisches Gegen\u00fcber sein und sinnerf\u00fcllt am Wohle des Ganzen mitwirken wollen oder Menschen, die das Leben als [&hellip;]<\/p>\n","protected":false},"author":1,"featured_media":0,"parent":0,"menu_order":0,"comment_status":"closed","ping_status":"closed","template":"","meta":{"_genesis_hide_title":false,"_genesis_hide_breadcrumbs":false,"_genesis_hide_singular_image":false,"_genesis_hide_footer_widgets":false,"_genesis_custom_body_class":"","_genesis_custom_post_class":"","_genesis_layout":""},"_links":{"self":[{"href":"https:\/\/www.turnitaround.at\/en\/wp-json\/wp\/v2\/pages\/573"}],"collection":[{"href":"https:\/\/www.turnitaround.at\/en\/wp-json\/wp\/v2\/pages"}],"about":[{"href":"https:\/\/www.turnitaround.at\/en\/wp-json\/wp\/v2\/types\/page"}],"author":[{"embeddable":true,"href":"https:\/\/www.turnitaround.at\/en\/wp-json\/wp\/v2\/users\/1"}],"replies":[{"embeddable":true,"href":"https:\/\/www.turnitaround.at\/en\/wp-json\/wp\/v2\/comments?post=573"}],"version-history":[{"count":7,"href":"https:\/\/www.turnitaround.at\/en\/wp-json\/wp\/v2\/pages\/573\/revisions"}],"predecessor-version":[{"id":812,"href":"https:\/\/www.turnitaround.at\/en\/wp-json\/wp\/v2\/pages\/573\/revisions\/812"}],"wp:attachment":[{"href":"https:\/\/www.turnitaround.at\/en\/wp-json\/wp\/v2\/media?parent=573"}],"curies":[{"name":"wp","href":"https:\/\/api.w.org\/{rel}","templated":true}]}}