{"id":379,"date":"2016-02-01T20:50:38","date_gmt":"2016-02-01T20:50:38","guid":{"rendered":"http:\/\/www.turnitaround.at\/posavac\/?page_id=379"},"modified":"2016-04-07T22:01:42","modified_gmt":"2016-04-07T20:01:42","slug":"data-privacy-statement-german-only","status":"publish","type":"page","link":"https:\/\/www.turnitaround.at\/en\/data-privacy-statement-german-only\/","title":{"rendered":"Data Privacy Statement (german only)"},"content":{"rendered":"<h1 style=\"margin-top: 80px;\">DATENSCHUTZERKL\u00c4RUNG<\/h1>\n<p>Turn It Around (www.turnitaround.at)<\/p>\n<p>Wir freuen uns \u00fcber Ihren Besuch auf unserer Webseite. Der Schutz Ihrer personenbezogenen Daten und die Wahrung Ihrer Privatsph\u00e4re sind uns ein wichtiges Anliegen. Damit Sie \u00fcber die Verwendung Ihrer Daten gut informiert sind, nehmen Sie bitte die nachstehenden Informationen zur Kenntnis:<\/p>\n<p>Sie k\u00f6nnen unsere Webseite grunds\u00e4tzlich besuchen, ohne uns mitzuteilen, wer Sie sind. Wir speichern weder den Namen Ihres Internet Service Providers, noch die Webseite, von der aus Sie uns besuchen oder den Namen der angeforderten Datei.<\/p>\n<h2>Nutzung und Weitergabe personenbezogener Daten<\/h2>\n<p>Soweit Sie uns personenbezogene Daten zur Verf\u00fcgung gestellt haben, verwenden wir diese ausschlie\u00dflich zur Erf\u00fcllung Ihrer W\u00fcnsche und Anforderungen. Also i.d.R. die Beantwortung Ihrer E-Mailnachricht. Ihre Angaben aus der E-Mail inklusive der von Ihnen dort angegebenen Kontaktdaten (Name, Telefon-\u00adNr. und E-Mail Adresse) werden von uns zum Zweck der individuellen Kommunikation mit Ihnen gespeichert und verwendet.<\/p>\n<p>Bitte beachten Sie, dass die \u00dcbermittlung der Daten nicht verschl\u00fcsselt erfolgt und deshalb keine vertraulichen Daten \u00fcber ein Kontaktformular gesendet werden sollten.<\/p>\n<p>Eine Weitergabe, ein Verkauf oder sonstige \u00dcbermittlung Ihrer personenbezogenen Daten an Dritte erfolgt nicht, es sei denn, die Weitergabe von Daten ist zur Erf\u00fcllung des durch Sie veranlassten Auftrages vonn\u00f6ten und Sie stimmen der Weitergabe von personenbezogenen Daten ausdr\u00fccklich schriftlich in einer gesonderten Erkl\u00e4rung zu.<\/p>\n<h2>Newsletter<\/h2>\n<p>Im Rahmen der Registrierung unseres Newsletters m\u00fcssen Sie uns Ihre E-\u00adMail Adresse mitteilen. Diese verwenden wir ausschlie\u00dflich, um Ihnen den Newsletter zuzusenden. Der Newsletter enth\u00e4lt Informationen zu aktuellen Fragen der Pflege-\u00ad und Krankenversorgung. Ihre E\u2010Mail Adresse bleibt bei uns gespeichert, bis Sie sich wieder von unserem Newsletter abmelden. Eine Abmeldung ist jederzeit \u00fcber den daf\u00fcr vorgesehenen Link im Newsletter oder eine entsprechende Mitteilung an uns m\u00f6glich, ohne dass hierf\u00fcr andere als die \u00dcbermittlungskosten hierf\u00fcr entstehen. Mit der Abmeldung widersprechen Sie der Nutzung Ihrer E\u2010Mail\u00ad Adresse f\u00fcr den Newsletter. Ihre E-\u00adMail Adresse wird dann umgehend f\u00fcr diese Zwecke bei uns gel\u00f6scht.<\/p>\n<h2>Einbindung von Diensten und Inhalten Dritter<\/h2>\n<p>Es kann vorkommen, dass innerhalb unserer Webseite Inhalte Dritter (z.B. Kartenmaterial Google Maps, Grafiken aus anderen Webseiten) eingebunden werden. Dies setzt immer voraus, dass die Anbieter dieser Inhalte (Drittanbieter) die IP-\u00adAdresse des Nutzers nachverfolgen k\u00f6nnen, da ohne diese die Inhalte nicht an den Browser des jeweiligen Nutzers gesendet werden k\u00f6nnen.<\/p>\n<p>Wir bem\u00fchen uns nur solche Inhalte zu verwenden, deren jeweilige Anbieter die IP-\u00ad\u2010Adresse lediglich zur Auslieferung der Inhalte verwenden. Sollte der Drittanbieter jedoch die IP\u2010Adresse speichern, haben hierauf keinen Einfluss.<\/p>\n<p>Unser Internetauftritt verwendet keine Webanalysedienste bzw. sonstige Dienste zur statistischen Auswertung der Besucherzugriffe oder Social Plugins.<\/p>\n<h2>Auskunft, Berichtigung, L\u00f6schung, Sperrung<\/h2>\n<p>Sie haben jederzeit das Recht auf unentgeltliche Auskunft \u00fcber Ihre gespeicherten personenbezogenen Daten. Dar\u00fcber hinaus haben Sie das Recht auf Berichtigung, Sperrung oder L\u00f6schung dieser Daten.<br \/>\nZur Geltendmachung dieses Anspruches wenden Sie sich bitte an die im Impressum angegebene Adresse. Eine schriftliche oder pers\u00f6nliche Anfrage mit der M\u00f6glichkeit der \u00dcberpr\u00fcfung Ihrer Identit\u00e4t reicht aus, um Ihrem Wunsch auf Auskunft, Berichtigung, Sperrung oder L\u00f6schung nachzukommen.<\/p>\n<h2>Sicherheitshinweise<\/h2>\n<p>Wir sind bem\u00fcht, Ihre personenbezogenen Daten durch Ergreifung technischer und organisatorischer M\u00f6glichkeiten so zu speichern, dass sie f\u00fcr Dritte nicht zug\u00e4nglich sind.<\/p>\n<p>Wir weisen jedoch darauf hin, dass E-\u00adMails auf dem \u00dcbertragungsweg unbefugt und unbemerkt mitgelesen oder ver\u00e4ndert werden k\u00f6nnen. Wir setzen derzeit keine Verschl\u00fcsselungstechnik ein. Bei der Kommunikation per E-\u00adMail kann die vollst\u00e4ndige Datensicherheit von uns daher nicht gew\u00e4hrleistet werden.<\/p>\n<p>Zur \u00dcbermittlung vertraulicher Informationen empfehlen wir Ihnen den Postweg oder das pers\u00f6nliche Gespr\u00e4ch mit uns.<\/p>\n<p>Ihr Vertrauen ist uns wichtig. Wenn Sie Fragen haben, die Ihnen diese Datenschutzerkl\u00e4rung nicht beantworten konnte oder wenn Sie zu einem Punkt vertiefte Informationen w\u00fcnschen, wenden Sie sich bitte jederzeit an uns. Alle Kontaktdaten finden Sie im Impressum.<\/p>\n","protected":false},"excerpt":{"rendered":"<p>DATENSCHUTZERKL\u00c4RUNG Turn It Around (www.turnitaround.at) Wir freuen uns \u00fcber Ihren Besuch auf unserer Webseite. Der Schutz Ihrer personenbezogenen Daten und die Wahrung Ihrer Privatsph\u00e4re sind uns ein wichtiges Anliegen. Damit Sie \u00fcber die Verwendung Ihrer Daten gut informiert sind, nehmen Sie bitte die nachstehenden Informationen zur Kenntnis: Sie k\u00f6nnen unsere [&hellip;]<\/p>\n","protected":false},"author":1,"featured_media":0,"parent":0,"menu_order":0,"comment_status":"closed","ping_status":"closed","template":"","meta":{"_genesis_hide_title":false,"_genesis_hide_breadcrumbs":false,"_genesis_hide_singular_image":false,"_genesis_hide_footer_widgets":false,"_genesis_custom_body_class":"","_genesis_custom_post_class":"","_genesis_layout":"full-width-content"},"_links":{"self":[{"href":"https:\/\/www.turnitaround.at\/en\/wp-json\/wp\/v2\/pages\/379"}],"collection":[{"href":"https:\/\/www.turnitaround.at\/en\/wp-json\/wp\/v2\/pages"}],"about":[{"href":"https:\/\/www.turnitaround.at\/en\/wp-json\/wp\/v2\/types\/page"}],"author":[{"embeddable":true,"href":"https:\/\/www.turnitaround.at\/en\/wp-json\/wp\/v2\/users\/1"}],"replies":[{"embeddable":true,"href":"https:\/\/www.turnitaround.at\/en\/wp-json\/wp\/v2\/comments?post=379"}],"version-history":[{"count":8,"href":"https:\/\/www.turnitaround.at\/en\/wp-json\/wp\/v2\/pages\/379\/revisions"}],"predecessor-version":[{"id":825,"href":"https:\/\/www.turnitaround.at\/en\/wp-json\/wp\/v2\/pages\/379\/revisions\/825"}],"wp:attachment":[{"href":"https:\/\/www.turnitaround.at\/en\/wp-json\/wp\/v2\/media?parent=379"}],"curies":[{"name":"wp","href":"https:\/\/api.w.org\/{rel}","templated":true}]}}